{"id":3902,"date":"2026-05-15T14:14:49","date_gmt":"2026-05-15T17:14:49","guid":{"rendered":"https:\/\/www.solucionesd.cl\/?page_id=3902"},"modified":"2026-05-15T14:17:53","modified_gmt":"2026-05-15T17:17:53","slug":"formulario-plan-tributario","status":"publish","type":"page","link":"https:\/\/www.solucionesd.cl\/index.php\/formulario-plan-tributario\/","title":{"rendered":"FORMULARIO PLAN TRIBUTARIO"},"content":{"rendered":"\t\t<div data-elementor-type=\"wp-page\" data-elementor-id=\"3902\" class=\"elementor elementor-3902\" data-elementor-settings=\"[]\">\n\t\t\t\t\t\t<div class=\"elementor-inner\">\n\t\t\t\t\t\t\t<div class=\"elementor-section-wrap\">\n\t\t\t\t\t\t\t<section class=\"elementor-section elementor-top-section elementor-element elementor-element-60c04b01 elementor-section-boxed elementor-section-height-default elementor-section-height-default\" data-id=\"60c04b01\" data-element_type=\"section\" data-settings=\"{&quot;background_background&quot;:&quot;classic&quot;}\">\n\t\t\t\t\t\t\t<div class=\"elementor-background-overlay\"><\/div>\n\t\t\t\t\t\t\t<div class=\"elementor-container elementor-column-gap-default\">\n\t\t\t\t\t\t\t<div class=\"elementor-row\">\n\t\t\t\t\t<div class=\"elementor-column elementor-col-100 elementor-top-column elementor-element elementor-element-1e7db3f4\" data-id=\"1e7db3f4\" data-element_type=\"column\">\n\t\t\t<div class=\"elementor-column-wrap elementor-element-populated\">\n\t\t\t\t\t\t\t<div class=\"elementor-widget-wrap\">\n\t\t\t\t\t\t<div class=\"elementor-element elementor-element-3b02ba2 elementor-widget-divider--view-line elementor-invisible elementor-widget elementor-widget-divider\" data-id=\"3b02ba2\" data-element_type=\"widget\" data-settings=\"{&quot;_animation&quot;:&quot;fadeInUp&quot;}\" data-widget_type=\"divider.default\">\n\t\t\t\t<div class=\"elementor-widget-container\">\n\t\t\t\t\t<div class=\"elementor-divider\">\n\t\t\t<span class=\"elementor-divider-separator\">\n\t\t\t\t\t\t<\/span>\n\t\t<\/div>\n\t\t\t\t<\/div>\n\t\t\t\t<\/div>\n\t\t\t\t<div class=\"elementor-element elementor-element-207727a4 elementor-invisible elementor-widget elementor-widget-heading\" data-id=\"207727a4\" data-element_type=\"widget\" data-settings=\"{&quot;_animation&quot;:&quot;fadeInUp&quot;,&quot;_animation_delay&quot;:500}\" data-widget_type=\"heading.default\">\n\t\t\t\t<div class=\"elementor-widget-container\">\n\t\t\t<h1 class=\"elementor-heading-title elementor-size-default\">FORMULARIO PLAN TRIBUTARIO<\/h1>\t\t<\/div>\n\t\t\t\t<\/div>\n\t\t\t\t<div class=\"elementor-element elementor-element-48a2444f elementor-invisible elementor-widget elementor-widget-heading\" data-id=\"48a2444f\" data-element_type=\"widget\" data-settings=\"{&quot;_animation&quot;:&quot;fadeInUp&quot;,&quot;_animation_delay&quot;:300}\" data-widget_type=\"heading.default\">\n\t\t\t\t<div class=\"elementor-widget-container\">\n\t\t\t<h3 class=\"elementor-heading-title elementor-size-default\">SOLUCIONESD PYME LIMITADA<\/h3>\t\t<\/div>\n\t\t\t\t<\/div>\n\t\t\t\t\t\t<\/div>\n\t\t\t\t\t<\/div>\n\t\t<\/div>\n\t\t\t\t\t\t\t\t<\/div>\n\t\t\t\t\t<\/div>\n\t\t<\/section>\n\t\t\t\t<section class=\"elementor-section elementor-top-section elementor-element elementor-element-67d20dbc elementor-section-content-top elementor-section-boxed elementor-section-height-default elementor-section-height-default\" data-id=\"67d20dbc\" data-element_type=\"section\">\n\t\t\t\t\t\t<div class=\"elementor-container elementor-column-gap-default\">\n\t\t\t\t\t\t\t<div class=\"elementor-row\">\n\t\t\t\t\t<div class=\"elementor-column elementor-col-100 elementor-top-column elementor-element elementor-element-27e7164f elementor-invisible\" data-id=\"27e7164f\" data-element_type=\"column\" data-settings=\"{&quot;animation&quot;:&quot;fadeInLeft&quot;}\">\n\t\t\t<div class=\"elementor-column-wrap elementor-element-populated\">\n\t\t\t\t\t\t\t<div class=\"elementor-widget-wrap\">\n\t\t\t\t\t\t<div class=\"elementor-element elementor-element-4e163bb elementor-invisible elementor-widget elementor-widget-heading\" data-id=\"4e163bb\" data-element_type=\"widget\" data-settings=\"{&quot;_animation&quot;:&quot;fadeInUp&quot;}\" data-widget_type=\"heading.default\">\n\t\t\t\t<div class=\"elementor-widget-container\">\n\t\t\t<h2 class=\"elementor-heading-title elementor-size-default\">Complete el siguiente formulario con todos los datos solicitados para la creaci\u00f3n de su contrato de oficina.<\/h2>\t\t<\/div>\n\t\t\t\t<\/div>\n\t\t\t\t<div class=\"elementor-element elementor-element-7e17589 elementor-invisible elementor-widget elementor-widget-wpforms\" data-id=\"7e17589\" data-element_type=\"widget\" data-settings=\"{&quot;_animation&quot;:&quot;fadeInUp&quot;}\" data-widget_type=\"wpforms.default\">\n\t\t\t\t<div class=\"elementor-widget-container\">\n\t\t\t<style id=\"wpforms-css-vars-root\">\n\t\t\t\t:root {\n\t\t\t\t\t--wpforms-field-border-radius: 3px;\n--wpforms-field-background-color: #ffffff;\n--wpforms-field-border-color: rgba( 0, 0, 0, 0.25 );\n--wpforms-field-text-color: rgba( 0, 0, 0, 0.7 );\n--wpforms-label-color: rgba( 0, 0, 0, 0.85 );\n--wpforms-label-sublabel-color: rgba( 0, 0, 0, 0.55 );\n--wpforms-label-error-color: #d63637;\n--wpforms-button-border-radius: 3px;\n--wpforms-button-background-color: #066aab;\n--wpforms-button-text-color: #ffffff;\n--wpforms-page-break-color: #066aab;\n--wpforms-field-size-input-height: 43px;\n--wpforms-field-size-input-spacing: 15px;\n--wpforms-field-size-font-size: 16px;\n--wpforms-field-size-line-height: 19px;\n--wpforms-field-size-padding-h: 14px;\n--wpforms-field-size-checkbox-size: 16px;\n--wpforms-field-size-sublabel-spacing: 5px;\n--wpforms-field-size-icon-size: 1;\n--wpforms-label-size-font-size: 16px;\n--wpforms-label-size-line-height: 19px;\n--wpforms-label-size-sublabel-font-size: 14px;\n--wpforms-label-size-sublabel-line-height: 17px;\n--wpforms-button-size-font-size: 17px;\n--wpforms-button-size-height: 41px;\n--wpforms-button-size-padding-h: 15px;\n--wpforms-button-size-margin-top: 10px;\n\n\t\t\t\t}\n\t\t\t<\/style><style id=\"wpforms-css-vars-elementor-widget-7e17589\">\n\t\t\t\t.elementor-widget-wpforms.elementor-element-7e17589 {\n\t\t\t\t\t--wpforms-field-size-input-height: 31px;\n--wpforms-field-size-input-spacing: 10px;\n--wpforms-field-size-font-size: 14px;\n--wpforms-field-size-line-height: 17px;\n--wpforms-field-size-padding-h: 9px;\n--wpforms-field-size-checkbox-size: 14px;\n--wpforms-field-size-sublabel-spacing: 5px;\n--wpforms-field-size-icon-size: 0.75;\n--wpforms-label-size-font-size: 16px;\n--wpforms-label-size-line-height: 19px;\n--wpforms-label-size-sublabel-font-size: 14px;\n--wpforms-label-size-sublabel-line-height: 17px;\n--wpforms-button-size-font-size: 17px;\n--wpforms-button-size-height: 41px;\n--wpforms-button-size-padding-h: 15px;\n--wpforms-button-size-margin-top: 10px;\n\n\t\t\t\t}\n\t\t\t<\/style><div class=\"wpforms-container wpforms-container-full wpforms-render-modern\" id=\"wpforms-3900\"><form id=\"wpforms-form-3900\" class=\"wpforms-validate wpforms-form wpforms-ajax-form\" data-formid=\"3900\" method=\"post\" enctype=\"multipart\/form-data\" action=\"\/index.php\/wp-json\/wp\/v2\/pages\/3902\" data-token=\"1fbf8863a032887c30a5257bef70510d\"><noscript class=\"wpforms-error-noscript\">Please enable JavaScript in your browser to complete this form.<\/noscript><div class=\"wpforms-hidden\" id=\"wpforms-error-noscript\">Please enable JavaScript in your browser to complete this form.<\/div><div class=\"wpforms-field-container\"><div id=\"wpforms-3900-field_0-container\" class=\"wpforms-field wpforms-field-name\" data-field-id=\"0\"><label class=\"wpforms-field-label\" for=\"wpforms-3900-field_0\">RAZ\u00d3N SOCIAL <span class=\"wpforms-required-label\" aria-hidden=\"true\">*<\/span><\/label><input type=\"text\" id=\"wpforms-3900-field_0\" class=\"wpforms-field-medium wpforms-field-required\" name=\"wpforms[fields][0]\" aria-errormessage=\"wpforms-3900-field_0-error\" required><\/div><div id=\"wpforms-3900-field_3-container\" class=\"wpforms-field wpforms-field-name\" data-field-id=\"3\"><label class=\"wpforms-field-label\" for=\"wpforms-3900-field_3\">RUT DE EMPRESA <span class=\"wpforms-required-label\" aria-hidden=\"true\">*<\/span><\/label><input type=\"text\" id=\"wpforms-3900-field_3\" class=\"wpforms-field-medium wpforms-field-required\" name=\"wpforms[fields][3]\" aria-errormessage=\"wpforms-3900-field_3-error\" required><\/div><div id=\"wpforms-3900-field_4-container\" class=\"wpforms-field wpforms-field-name\" data-field-id=\"4\"><label class=\"wpforms-field-label\" for=\"wpforms-3900-field_4\">GIRO DE LA EMPRESA <span class=\"wpforms-required-label\" aria-hidden=\"true\">*<\/span><\/label><input type=\"text\" id=\"wpforms-3900-field_4\" class=\"wpforms-field-medium wpforms-field-required\" name=\"wpforms[fields][4]\" aria-errormessage=\"wpforms-3900-field_4-error\" required><\/div><div id=\"wpforms-3900-field_5-container\" class=\"wpforms-field wpforms-field-name\" data-field-id=\"5\"><label class=\"wpforms-field-label\" for=\"wpforms-3900-field_5\">NOMBRE DEL REPRESENTANTE LEGAL <span class=\"wpforms-required-label\" aria-hidden=\"true\">*<\/span><\/label><input type=\"text\" id=\"wpforms-3900-field_5\" class=\"wpforms-field-medium wpforms-field-required\" name=\"wpforms[fields][5]\" aria-errormessage=\"wpforms-3900-field_5-error\" required><\/div><div id=\"wpforms-3900-field_6-container\" class=\"wpforms-field wpforms-field-name\" data-field-id=\"6\"><label class=\"wpforms-field-label\" for=\"wpforms-3900-field_6\">RUT DEL REPRESENTANTE LEGAL <span class=\"wpforms-required-label\" aria-hidden=\"true\">*<\/span><\/label><input type=\"text\" id=\"wpforms-3900-field_6\" class=\"wpforms-field-medium wpforms-field-required\" name=\"wpforms[fields][6]\" aria-errormessage=\"wpforms-3900-field_6-error\" required><\/div><div id=\"wpforms-3900-field_7-container\" class=\"wpforms-field wpforms-field-name\" data-field-id=\"7\"><label class=\"wpforms-field-label\" for=\"wpforms-3900-field_7\">DOMICILIO PARTICULAR DEL REPRESENTANTE LEGAL <span class=\"wpforms-required-label\" aria-hidden=\"true\">*<\/span><\/label><input type=\"text\" id=\"wpforms-3900-field_7\" class=\"wpforms-field-medium wpforms-field-required\" name=\"wpforms[fields][7]\" aria-errormessage=\"wpforms-3900-field_7-error\" required><\/div><div id=\"wpforms-3900-field_8-container\" class=\"wpforms-field wpforms-field-select wpforms-field-select-style-classic\" data-field-id=\"8\"><label class=\"wpforms-field-label\" for=\"wpforms-3900-field_8\">SUCURSAL <span class=\"wpforms-required-label\" aria-hidden=\"true\">*<\/span><\/label><select id=\"wpforms-3900-field_8\" class=\"wpforms-field-medium wpforms-field-required\" name=\"wpforms[fields][8]\" required=\"required\"><option value=\"VI\u00d1A DEL MAR\" >VI\u00d1A DEL MAR<\/option><option value=\"VALPARA\u00cdSO\" >VALPARA\u00cdSO<\/option><\/select><\/div><div id=\"wpforms-3900-field_10-container\" class=\"wpforms-field wpforms-field-select wpforms-field-select-style-classic\" data-field-id=\"10\"><label class=\"wpforms-field-label\" for=\"wpforms-3900-field_10\">FORMA DE PAGO <span class=\"wpforms-required-label\" aria-hidden=\"true\">*<\/span><\/label><select id=\"wpforms-3900-field_10\" class=\"wpforms-field-medium wpforms-field-required\" name=\"wpforms[fields][10]\" required=\"required\"><option value=\"TRIMESTRAL\" >TRIMESTRAL<\/option><option value=\"SEMESTRAL\" >SEMESTRAL<\/option><option value=\"ANUAL\" >ANUAL<\/option><\/select><\/div><div id=\"wpforms-3900-field_11-container\" class=\"wpforms-field wpforms-field-select wpforms-field-select-style-classic\" data-field-id=\"11\"><label class=\"wpforms-field-label\" for=\"wpforms-3900-field_11\">MODALIDAD DE FIRMA <span class=\"wpforms-required-label\" aria-hidden=\"true\">*<\/span><\/label><select id=\"wpforms-3900-field_11\" class=\"wpforms-field-medium wpforms-field-required\" name=\"wpforms[fields][11]\" required=\"required\"><option value=\"CONTRATO NOTARIAL\" >CONTRATO NOTARIAL<\/option><option value=\"FIRMA ELECTR\u00d3NICA\" >FIRMA ELECTR\u00d3NICA<\/option><\/select><\/div><div id=\"wpforms-3900-field_1-container\" class=\"wpforms-field wpforms-field-email\" data-field-id=\"1\"><label class=\"wpforms-field-label\" for=\"wpforms-3900-field_1\">EMAIL <span class=\"wpforms-required-label\" aria-hidden=\"true\">*<\/span><\/label><input type=\"email\" id=\"wpforms-3900-field_1\" class=\"wpforms-field-medium wpforms-field-required\" name=\"wpforms[fields][1]\" spellcheck=\"false\" aria-errormessage=\"wpforms-3900-field_1-error\" required><\/div><div id=\"wpforms-3900-field_13-container\" class=\"wpforms-field wpforms-field-name\" data-field-id=\"13\"><label class=\"wpforms-field-label\" for=\"wpforms-3900-field_13\">WHATSAPP <span class=\"wpforms-required-label\" aria-hidden=\"true\">*<\/span><\/label><input type=\"text\" id=\"wpforms-3900-field_13\" class=\"wpforms-field-medium wpforms-field-required\" name=\"wpforms[fields][13]\" aria-errormessage=\"wpforms-3900-field_13-error\" required><\/div><div id=\"wpforms-3900-field_2-container\" class=\"wpforms-field wpforms-field-textarea\" data-field-id=\"2\"><label class=\"wpforms-field-label\" for=\"wpforms-3900-field_2\">COMENTARIO<\/label><textarea id=\"wpforms-3900-field_2\" class=\"wpforms-field-medium\" name=\"wpforms[fields][2]\" aria-errormessage=\"wpforms-3900-field_2-error\" ><\/textarea><\/div><\/div><!-- .wpforms-field-container --><div class=\"wpforms-submit-container\" ><input type=\"hidden\" name=\"wpforms[id]\" value=\"3900\"><input type=\"hidden\" name=\"wpforms[author]\" value=\"1\"><button type=\"submit\" name=\"wpforms[submit]\" id=\"wpforms-submit-3900\" class=\"wpforms-submit\" data-alt-text=\"Enviando...\" data-submit-text=\"Enviar informaci\u00f3n ...\" aria-live=\"assertive\" value=\"wpforms-submit\">Enviar informaci\u00f3n ...<\/button><img decoding=\"async\" loading=\"lazy\" src=\"https:\/\/www.solucionesd.cl\/wp-content\/plugins\/wpforms-lite\/assets\/images\/submit-spin.svg\" class=\"wpforms-submit-spinner\" style=\"display: none;\" width=\"26\" height=\"26\" alt=\"Loading\"><\/div><\/form><\/div>  <!-- .wpforms-container -->\t\t<\/div>\n\t\t\t\t<\/div>\n\t\t\t\t\t\t<\/div>\n\t\t\t\t\t<\/div>\n\t\t<\/div>\n\t\t\t\t\t\t\t\t<\/div>\n\t\t\t\t\t<\/div>\n\t\t<\/section>\n\t\t\t\t\t\t<\/div>\n\t\t\t\t\t\t<\/div>\n\t\t\t\t\t<\/div>\n\t\t","protected":false},"excerpt":{"rendered":"<p>FORMULARIO PLAN TRIBUTARIO SOLUCIONESD PYME LIMITADA Complete el siguiente formulario con todos los datos solicitados para la creaci\u00f3n de su contrato de oficina. Please enable JavaScript in your browser to complete this form.Please enable JavaScript in your browser to complete this form.RAZ\u00d3N SOCIAL *RUT DE EMPRESA *GIRO DE LA EMPRESA *NOMBRE DEL REPRESENTANTE LEGAL *RUT [&hellip;]<\/p>\n","protected":false},"author":1,"featured_media":0,"parent":0,"menu_order":0,"comment_status":"closed","ping_status":"closed","template":"elementor_header_footer","meta":{"_joinchat":[]},"yoast_head":"<!-- This site is optimized with the Yoast SEO plugin v19.10 - https:\/\/yoast.com\/wordpress\/plugins\/seo\/ -->\n<title>FORMULARIO PLAN TRIBUTARIO - SolucionesD Pyme Ltda<\/title>\n<meta name=\"description\" content=\"Tel\u00e9fono Valpara\u00edso 32-2593407 | Tel\u00e9fono Vi\u00f1a del Mar 32-3351904 | contacto@solucionesd.cl\" \/>\n<meta name=\"robots\" content=\"index, follow, max-snippet:-1, max-image-preview:large, max-video-preview:-1\" \/>\n<link rel=\"canonical\" href=\"https:\/\/www.solucionesd.cl\/index.php\/formulario-plan-tributario\/\" \/>\n<meta property=\"og:locale\" content=\"es_ES\" \/>\n<meta property=\"og:type\" content=\"article\" \/>\n<meta property=\"og:title\" content=\"FORMULARIO PLAN TRIBUTARIO - SolucionesD Pyme Ltda\" \/>\n<meta property=\"og:description\" content=\"Tel\u00e9fono Valpara\u00edso 32-2593407 | Tel\u00e9fono Vi\u00f1a del Mar 32-3351904 | contacto@solucionesd.cl\" \/>\n<meta property=\"og:url\" content=\"https:\/\/www.solucionesd.cl\/index.php\/formulario-plan-tributario\/\" \/>\n<meta property=\"og:site_name\" content=\"SolucionesD Pyme Ltda\" \/>\n<meta property=\"article:modified_time\" content=\"2026-05-15T17:17:53+00:00\" \/>\n<meta property=\"og:image\" content=\"https:\/\/www.solucionesd.cl\/wp-content\/plugins\/wpforms-lite\/assets\/images\/submit-spin.svg\" \/>\n<meta name=\"twitter:card\" content=\"summary_large_image\" \/>\n<meta name=\"twitter:label1\" content=\"Est. reading time\" \/>\n\t<meta name=\"twitter:data1\" content=\"2 minutos\" \/>\n<script type=\"application\/ld+json\" class=\"yoast-schema-graph\">{\"@context\":\"https:\/\/schema.org\",\"@graph\":[{\"@type\":\"WebPage\",\"@id\":\"https:\/\/www.solucionesd.cl\/index.php\/formulario-plan-tributario\/\",\"url\":\"https:\/\/www.solucionesd.cl\/index.php\/formulario-plan-tributario\/\",\"name\":\"FORMULARIO PLAN TRIBUTARIO - SolucionesD Pyme Ltda\",\"isPartOf\":{\"@id\":\"https:\/\/www.solucionesd.cl\/#website\"},\"datePublished\":\"2026-05-15T17:14:49+00:00\",\"dateModified\":\"2026-05-15T17:17:53+00:00\",\"description\":\"Tel\u00e9fono Valpara\u00edso 32-2593407 | Tel\u00e9fono Vi\u00f1a del Mar 32-3351904 | contacto@solucionesd.cl\",\"breadcrumb\":{\"@id\":\"https:\/\/www.solucionesd.cl\/index.php\/formulario-plan-tributario\/#breadcrumb\"},\"inLanguage\":\"es-CL\",\"potentialAction\":[{\"@type\":\"ReadAction\",\"target\":[\"https:\/\/www.solucionesd.cl\/index.php\/formulario-plan-tributario\/\"]}]},{\"@type\":\"BreadcrumbList\",\"@id\":\"https:\/\/www.solucionesd.cl\/index.php\/formulario-plan-tributario\/#breadcrumb\",\"itemListElement\":[{\"@type\":\"ListItem\",\"position\":1,\"name\":\"Portada\",\"item\":\"https:\/\/www.solucionesd.cl\/\"},{\"@type\":\"ListItem\",\"position\":2,\"name\":\"FORMULARIO PLAN TRIBUTARIO\"}]},{\"@type\":\"WebSite\",\"@id\":\"https:\/\/www.solucionesd.cl\/#website\",\"url\":\"https:\/\/www.solucionesd.cl\/\",\"name\":\"SolucionesD Pyme Ltda\",\"description\":\"La Oficina Virtual de la V Regi\u00f3n\",\"publisher\":{\"@id\":\"https:\/\/www.solucionesd.cl\/#organization\"},\"potentialAction\":[{\"@type\":\"SearchAction\",\"target\":{\"@type\":\"EntryPoint\",\"urlTemplate\":\"https:\/\/www.solucionesd.cl\/?s={search_term_string}\"},\"query-input\":\"required name=search_term_string\"}],\"inLanguage\":\"es-CL\"},{\"@type\":\"Organization\",\"@id\":\"https:\/\/www.solucionesd.cl\/#organization\",\"name\":\"SolucionesD Pyme Ltda\",\"url\":\"https:\/\/www.solucionesd.cl\/\",\"logo\":{\"@type\":\"ImageObject\",\"inLanguage\":\"es-CL\",\"@id\":\"https:\/\/www.solucionesd.cl\/#\/schema\/logo\/image\/\",\"url\":\"https:\/\/www.solucionesd.cl\/wp-content\/uploads\/2026\/05\/cropped-Captura_de_pantalla_2026-05-05_113242-removebg-preview-removebg-preview.png\",\"contentUrl\":\"https:\/\/www.solucionesd.cl\/wp-content\/uploads\/2026\/05\/cropped-Captura_de_pantalla_2026-05-05_113242-removebg-preview-removebg-preview.png\",\"width\":326,\"height\":90,\"caption\":\"SolucionesD Pyme Ltda\"},\"image\":{\"@id\":\"https:\/\/www.solucionesd.cl\/#\/schema\/logo\/image\/\"}}]}<\/script>\n<!-- \/ Yoast SEO plugin. -->","yoast_head_json":{"title":"FORMULARIO PLAN TRIBUTARIO - SolucionesD Pyme Ltda","description":"Tel\u00e9fono Valpara\u00edso 32-2593407 | Tel\u00e9fono Vi\u00f1a del Mar 32-3351904 | contacto@solucionesd.cl","robots":{"index":"index","follow":"follow","max-snippet":"max-snippet:-1","max-image-preview":"max-image-preview:large","max-video-preview":"max-video-preview:-1"},"canonical":"https:\/\/www.solucionesd.cl\/index.php\/formulario-plan-tributario\/","og_locale":"es_ES","og_type":"article","og_title":"FORMULARIO PLAN TRIBUTARIO - SolucionesD Pyme Ltda","og_description":"Tel\u00e9fono Valpara\u00edso 32-2593407 | Tel\u00e9fono Vi\u00f1a del Mar 32-3351904 | contacto@solucionesd.cl","og_url":"https:\/\/www.solucionesd.cl\/index.php\/formulario-plan-tributario\/","og_site_name":"SolucionesD Pyme Ltda","article_modified_time":"2026-05-15T17:17:53+00:00","og_image":[{"url":"https:\/\/www.solucionesd.cl\/wp-content\/plugins\/wpforms-lite\/assets\/images\/submit-spin.svg"}],"twitter_card":"summary_large_image","twitter_misc":{"Est. reading time":"2 minutos"},"schema":{"@context":"https:\/\/schema.org","@graph":[{"@type":"WebPage","@id":"https:\/\/www.solucionesd.cl\/index.php\/formulario-plan-tributario\/","url":"https:\/\/www.solucionesd.cl\/index.php\/formulario-plan-tributario\/","name":"FORMULARIO PLAN TRIBUTARIO - SolucionesD Pyme Ltda","isPartOf":{"@id":"https:\/\/www.solucionesd.cl\/#website"},"datePublished":"2026-05-15T17:14:49+00:00","dateModified":"2026-05-15T17:17:53+00:00","description":"Tel\u00e9fono Valpara\u00edso 32-2593407 | Tel\u00e9fono Vi\u00f1a del Mar 32-3351904 | contacto@solucionesd.cl","breadcrumb":{"@id":"https:\/\/www.solucionesd.cl\/index.php\/formulario-plan-tributario\/#breadcrumb"},"inLanguage":"es-CL","potentialAction":[{"@type":"ReadAction","target":["https:\/\/www.solucionesd.cl\/index.php\/formulario-plan-tributario\/"]}]},{"@type":"BreadcrumbList","@id":"https:\/\/www.solucionesd.cl\/index.php\/formulario-plan-tributario\/#breadcrumb","itemListElement":[{"@type":"ListItem","position":1,"name":"Portada","item":"https:\/\/www.solucionesd.cl\/"},{"@type":"ListItem","position":2,"name":"FORMULARIO PLAN TRIBUTARIO"}]},{"@type":"WebSite","@id":"https:\/\/www.solucionesd.cl\/#website","url":"https:\/\/www.solucionesd.cl\/","name":"SolucionesD Pyme Ltda","description":"La Oficina Virtual de la V Regi\u00f3n","publisher":{"@id":"https:\/\/www.solucionesd.cl\/#organization"},"potentialAction":[{"@type":"SearchAction","target":{"@type":"EntryPoint","urlTemplate":"https:\/\/www.solucionesd.cl\/?s={search_term_string}"},"query-input":"required name=search_term_string"}],"inLanguage":"es-CL"},{"@type":"Organization","@id":"https:\/\/www.solucionesd.cl\/#organization","name":"SolucionesD Pyme Ltda","url":"https:\/\/www.solucionesd.cl\/","logo":{"@type":"ImageObject","inLanguage":"es-CL","@id":"https:\/\/www.solucionesd.cl\/#\/schema\/logo\/image\/","url":"https:\/\/www.solucionesd.cl\/wp-content\/uploads\/2026\/05\/cropped-Captura_de_pantalla_2026-05-05_113242-removebg-preview-removebg-preview.png","contentUrl":"https:\/\/www.solucionesd.cl\/wp-content\/uploads\/2026\/05\/cropped-Captura_de_pantalla_2026-05-05_113242-removebg-preview-removebg-preview.png","width":326,"height":90,"caption":"SolucionesD Pyme Ltda"},"image":{"@id":"https:\/\/www.solucionesd.cl\/#\/schema\/logo\/image\/"}}]}},"_links":{"self":[{"href":"https:\/\/www.solucionesd.cl\/index.php\/wp-json\/wp\/v2\/pages\/3902"}],"collection":[{"href":"https:\/\/www.solucionesd.cl\/index.php\/wp-json\/wp\/v2\/pages"}],"about":[{"href":"https:\/\/www.solucionesd.cl\/index.php\/wp-json\/wp\/v2\/types\/page"}],"author":[{"embeddable":true,"href":"https:\/\/www.solucionesd.cl\/index.php\/wp-json\/wp\/v2\/users\/1"}],"replies":[{"embeddable":true,"href":"https:\/\/www.solucionesd.cl\/index.php\/wp-json\/wp\/v2\/comments?post=3902"}],"version-history":[{"count":7,"href":"https:\/\/www.solucionesd.cl\/index.php\/wp-json\/wp\/v2\/pages\/3902\/revisions"}],"predecessor-version":[{"id":3912,"href":"https:\/\/www.solucionesd.cl\/index.php\/wp-json\/wp\/v2\/pages\/3902\/revisions\/3912"}],"wp:attachment":[{"href":"https:\/\/www.solucionesd.cl\/index.php\/wp-json\/wp\/v2\/media?parent=3902"}],"curies":[{"name":"wp","href":"https:\/\/api.w.org\/{rel}","templated":true}]}}